{"id":11,"date":"2015-02-11T11:37:12","date_gmt":"2015-02-11T11:37:12","guid":{"rendered":"http:\/\/sukusivut.com\/wp\/?page_id=11"},"modified":"2020-12-31T17:24:32","modified_gmt":"2020-12-31T15:24:32","slug":"sukuseuran-saannot","status":"publish","type":"page","link":"https:\/\/sukusivut.com\/wp\/sukuseuran-saannot\/","title":{"rendered":"S\u00e4\u00e4nn\u00f6t"},"content":{"rendered":"<h1>Sukuseura Lyytik\u00e4iset ry<\/h1>\n<h2>S\u00e4\u00e4nn\u00f6t<\/h2>\n<p><strong>1 \u00a7 NIMI JA KOTIPAIKKA<\/strong>\u00a0 \u00a0 \u00a0 \u00a0 \u00a0 \u00a0 \u00a0 \u00a0 \u00a0 \u00a0 \u00a0 \u00a0 \u00a0 \u00a0 \u00a0 \u00a0 \u00a0 \u00a0 \u00a0 \u00a0 \u00a0 \u00a0 \u00a0 \u00a0 \u00a0 \u00a0 \u00a0 \u00a0 \u00a0 \u00a0 \u00a0 \u00a0 \u00a0 \u00a0 \u00a0 \u00a0 \u00a0 \u00a0 \u00a0 \u00a0 \u00a0 \u00a0 \u00a0 \u00a0 \u00a0 Yhdistyksen nimi on Sukuseura Lyytik\u00e4iset ry, sen kotipaikka on Kajaanin kaupunki ja toimialue koko maa. Yhdistyst\u00e4 kutsutaan j\u00e4ljemp\u00e4n\u00e4 sukuseuraksi.<\/p>\n<p><strong>2 \u00a7 TARKOITUS JA TOIMINTAMUODOT<\/strong><br \/>\nSukuseuran tarkoituksena on selvitt\u00e4\u00e4 Lyytik\u00e4isen suvun tai sukujen vaiheita ja historiaa, tukea Lyytik\u00e4isten keskuudessa suoritettavaa sukututkimusta, vaalia sukujen perinteit\u00e4 ja toimia yhdyssiteen\u00e4 Lyytik\u00e4isten kesken.<br \/>\nTarkoituksensa toteuttamiseksi sukuseura mahdollisuuksiensa mukaan<\/p>\n<p style=\"padding-left: 30px;\">\u2022 j\u00e4rjest\u00e4\u00e4 sukukokouksia, sukup\u00e4ivi\u00e4, retki\u00e4 ja muita niihin verrattavia tilaisuuksia<br \/>\n\u2022 auttaa j\u00e4seni\u00e4\u00e4n selvitt\u00e4m\u00e4\u00e4n sukunsa vaiheita, ker\u00e4\u00e4 ja arkistoi Lyytik\u00e4isi\u00e4 koskevaa tietoutta sek\u00e4 saattaa n\u00e4m\u00e4 tutkimusty\u00f6n tulokset j\u00e4sentens\u00e4 tietoon<br \/>\n\u2022 harjoittaa sukuseuran tarkoitusperi\u00e4 edist\u00e4v\u00e4\u00e4 julkaisutoimintaa.<\/p>\n<p>Toimintansa tukemiseksi sukuseura voi ottaa vastaan testamentattua tai lahjoitettua omaisuutta, perustaa rahastoja sek\u00e4 asianomaisella luvalla j\u00e4rjest\u00e4\u00e4 ker\u00e4yksi\u00e4 ja arpajaisia. Sukuseura voi my\u00f6s omistaa toimintansa kannalta tarpeellista irtainta ja kiinte\u00e4\u00e4 omaisuutta. Yhdistyksen omaisuuden myymisest\u00e4, vaihtamisesta ja kiinnitt\u00e4misest\u00e4 voi p\u00e4\u00e4tt\u00e4\u00e4 hallitus.<br \/>\nSukuseura voi kuulua j\u00e4senen\u00e4 sukututkimusyhdistyksiin, Sukuseurojen Keskusliittoon tai muihin yhdistyksiin, joilla on sukuseuran tarkoitusta tukevaa toimintaa. Liittymisest\u00e4 ja eroamisesta p\u00e4\u00e4tt\u00e4\u00e4 sukuseuran hallitus.<\/p>\n<p><strong>3 \u00a7 J\u00c4SENET<\/strong><br \/>\nSukuseuran varsinaiseksi j\u00e4seneksi voi liitty\u00e4 jokainen 18 vuotta t\u00e4ytt\u00e4nyt, sukuseuran tarkoituksen ja s\u00e4\u00e4nn\u00f6t hyv\u00e4ksyv\u00e4 henkil\u00f6, joka is\u00e4n tai \u00e4idin puolelta on Lyytik\u00e4isen sukuun kuuluva tai joka avio- tai avoliiton kautta on siihen liittynyt tai joka muuten on kiinnostunut sukuseuratoiminnasta. J\u00e4senyydest\u00e4 p\u00e4\u00e4tt\u00e4\u00e4 hallitus. J\u00e4senyys alkaa, kun hallitus on hyv\u00e4ksynyt j\u00e4senen ja j\u00e4sen on maksanut j\u00e4senmaksun.<br \/>\nHalutessaan erota sukuseuran j\u00e4senyydest\u00e4 on j\u00e4senen ilmoitettava siit\u00e4 sukuseuran hallitukselle tai sen puheenjohtajalle kirjallisesti tai h\u00e4nen on ilmoitettava eroamisestaan sukuseuran kokouksessa p\u00f6yt\u00e4kirjaan merkitt\u00e4v\u00e4ksi.<br \/>\nJ\u00e4sen voidaan hallituksen p\u00e4\u00e4t\u00f6ksell\u00e4 erottaa sukuseurasta, jos h\u00e4n on toiminnallaan vahingoittanut sukuseuraa tai jos h\u00e4n on muistutuksesta huolimatta j\u00e4tt\u00e4nyt maksamatta j\u00e4senmaksunsa kolmelta viimeksi p\u00e4\u00e4ttyneelt\u00e4 kalenterivuodelta.<br \/>\nVarsinaisilta j\u00e4senilt\u00e4 peritt\u00e4v\u00e4n liittymismaksun ja vuotuisen j\u00e4senmaksun suuruudesta p\u00e4\u00e4tt\u00e4\u00e4 sukuseuran varsinainen sukukokous.<br \/>\nSukuseuran hallitus voi my\u00f6nt\u00e4\u00e4 vapautuksen j\u00e4senmaksusta korkean i\u00e4n tai maksukyvyn huomattavan heikentymisen perusteella.<br \/>\nSukuseuran ainaisj\u00e4seneksi katsotaan j\u00e4sen, joka yhdell\u00e4 kertaa suorittaa maksuvuonna voimassa olevan normaalin j\u00e4senmaksun kymmenkertaisena.<br \/>\nHallituksen esityksest\u00e4 voi sukuseuran kokous kutsua kunniaj\u00e4seneksi henkil\u00f6n, joka on erityisesti ansioitunut sukuseuran toiminnassa. Kunniaj\u00e4sen on vapaa j\u00e4senmaksusta.<br \/>\nJ\u00e4senluetteloa pit\u00e4\u00e4 sukuseuran hallitus.<\/p>\n<p><strong>4 \u00a7 HALLITUS<\/strong><br \/>\nSukuseuran asioita hoitaa hallitus, joka valitaan varsinaisessa sukukokouksessa ja jonka toimikausi on varsinaisten sukukokousten v\u00e4linen aika.<br \/>\nHallitukseen kuuluu puheenjohtaja, jota kutsutaan sukuseuran puheenjohtajaksi, sek\u00e4 v\u00e4hint\u00e4\u00e4n kolme (3) ja enint\u00e4\u00e4n kuusi (6) muuta j\u00e4sent\u00e4. Hallitus valitsee keskuudestaan varapuheenjohtajan sek\u00e4 keskuudestaan tai muista j\u00e4senist\u00e4 sihteerin, rahastonhoitajan ja muut tarvittavat toimihenkil\u00f6t. Samalle henkil\u00f6lle voidaan osoittaa useampiakin teht\u00e4vi\u00e4.<br \/>\nHallitus kokoontuu puheenjohtajan tai t\u00e4m\u00e4n estyneen\u00e4 ollessa varapuheenjohtajan kutsusta tai kun v\u00e4hint\u00e4\u00e4n kaksi hallituksen j\u00e4sent\u00e4 sit\u00e4 vaatii.<br \/>\nHallitus on p\u00e4\u00e4t\u00f6svaltainen, kun v\u00e4hint\u00e4\u00e4n puolet sen j\u00e4senist\u00e4 puheenjohtaja tai varapuheenjohtaja mukaan luettuna on l\u00e4sn\u00e4.<br \/>\nAsiat ratkaistaan yksinkertaisella \u00e4\u00e4ntenenemmist\u00f6ll\u00e4. \u00c4\u00e4nten menness\u00e4 tasan ratkaisee puheenjohtajan \u00e4\u00e4ni, vaaleissa kuitenkin arpa.<br \/>\nHallituksen kokouksista on pidett\u00e4v\u00e4 p\u00f6yt\u00e4kirjaa, jonka kokouksen puheenjohtaja ja sihteeri allekirjoittavat.<br \/>\nHallitus voi keskuudestaan tai muista sukuseuran j\u00e4senist\u00e4 asettaa avukseen toimikuntia erityisten teht\u00e4vien hoitamista varten.<\/p>\n<p><strong>5\u00a7 SUKUSEURAN NIMEN KIRJOITTAMINEN<\/strong><br \/>\nSukuseuran nimen kirjoittaa puheenjohtaja, varapuheenjohtaja, sihteeri tai rahastonhoitaja, kaksi yhdess\u00e4.<\/p>\n<p><strong>6 \u00a7 TILIT<\/strong><br \/>\nSukuseuran tilikausi on kalenterivuosi ja toimintakausi on varsinaisten sukukokousten v\u00e4linen aika.<br \/>\nTilinp\u00e4\u00e4t\u00f6s tarvittavine asiakirjoineen ja hallituksen vuosikertomus on annettava toiminnantarkastajalle tarkastettavaksi viimeist\u00e4\u00e4n seuraavan maaliskuun aikana.<br \/>\nToiminnantarkastajan lausunto tilien ja seuran hallinnon tarkastuksesta on j\u00e4tett\u00e4v\u00e4 hallitukselle huhtikuun loppuun menness\u00e4.<\/p>\n<p><strong>7 \u00a7 SUKUSEURAN KOKOUSTEN KOOLLEKUTSUMINEN<\/strong><br \/>\nSukuseuran kokoukset kutsuu koolle hallitus. Kokouskutsu on toimitettava j\u00e4senille viimeist\u00e4\u00e4n kolmekymment\u00e4 (30) p\u00e4iv\u00e4\u00e4 ennen kokousta joko l\u00e4hett\u00e4m\u00e4ll\u00e4 kutsu kullekin j\u00e4senelle postitse tai julkaisemalla kutsu ukuseuran j\u00e4senlehdess\u00e4 ja sukuseuran verkkosivuilla tai sanomalehdiss\u00e4.<\/p>\n<p><strong>8 \u00a7 SUKUSEURAN KOKOUKSET<\/strong><br \/>\nSukuseuran varsinainen sukukokous pidet\u00e4\u00e4n joka toinen vuosi hallituksen m\u00e4\u00e4r\u00e4\u00e4m\u00e4n\u00e4 p\u00e4iv\u00e4n\u00e4 touko-syyskuun aikana.<br \/>\nYlim\u00e4\u00e4r\u00e4inen kokous pidet\u00e4\u00e4n, kun sukuseuran kokous niin p\u00e4\u00e4tt\u00e4\u00e4 tai kun hallitus katsoo siihen olevan aihetta tai kun v\u00e4hint\u00e4\u00e4n yksi kymmenesosa (1\/10) sukuseuran \u00e4\u00e4nioikeutetuista j\u00e4senist\u00e4 sit\u00e4 hallitukselta erityisesti ilmoitettua asiaa varten kirjallisesti vaatii, jolloin kokous on pidett\u00e4v\u00e4 kolmen kuukauden kuluessa vaatimuksen esitt\u00e4misest\u00e4.<br \/>\nSukuseuran kokouksessa on \u00e4\u00e4nioikeus jokaisella kuluvan tai edellisen vuoden j\u00e4senmaksunsa maksaneella varsinaisella j\u00e4senell\u00e4, ainaisj\u00e4senell\u00e4, kunniaj\u00e4senell\u00e4 ja hallituksen p\u00e4\u00e4t\u00f6ksell\u00e4 j\u00e4senmaksusta vapautetulla varsinaisella j\u00e4senell\u00e4. Jokaisella \u00e4\u00e4nioikeutetulla on yksi (1) \u00e4\u00e4ni. \u00c4\u00e4nioikeutta voi k\u00e4ytt\u00e4\u00e4 my\u00f6s valtakirjan v\u00e4lityksell\u00e4.<br \/>\nP\u00e4\u00e4t\u00f6kseksi tulee se mielipide, jota on kannattanut yli puolet annetuista \u00e4\u00e4nist\u00e4, paitsi asioissa, joiden ratkaisemiseen edellytet\u00e4\u00e4n n\u00e4iss\u00e4 s\u00e4\u00e4nn\u00f6iss\u00e4 3\/4:n m\u00e4\u00e4r\u00e4enemmist\u00f6\u00e4. \u00c4\u00e4nten menness\u00e4 tasan ratkaisee kokouksen puheenjohtajan \u00e4\u00e4ni, vaaleissa kuitenkin arpa.<\/p>\n<p><strong>9 \u00a7 VARSINAINEN SUKUKOKOUS<\/strong><br \/>\nSukuseuran varsinaisessa sukukokouksessa k\u00e4sitell\u00e4\u00e4n seuraavat asiat:<\/p>\n<ol>\n<li>Kokouksen avaaminen<\/li>\n<li>Kokouksen puheenjohtajan, sihteerin, kahden p\u00f6yt\u00e4kirjan tarkastajan ja kahden \u00e4\u00e4ntenlaskijan \u00a0 \u00a0 \u00a0 \u00a0 valitseminen<\/li>\n<li>Kokouksen laillisuuden ja p\u00e4\u00e4t\u00f6svaltaisuuden toteaminen<\/li>\n<li>Kokouksen ty\u00f6j\u00e4rjestyksen hyv\u00e4ksyminen<\/li>\n<li>Tilinp\u00e4\u00e4t\u00f6sten, vuosikertomusten ja toiminnantarkastajan lausuntojen esitt\u00e4minen varsinaisten \u00a0 \u00a0 \u00a0 \u00a0 sukukokousten v\u00e4lisilt\u00e4 kahdelta tilikaudelta<\/li>\n<li>Tilinp\u00e4\u00e4t\u00f6sten vahvistamisesta ja vastuuvapauden my\u00f6nt\u00e4misest\u00e4 p\u00e4\u00e4tt\u00e4minen<\/li>\n<li>Toimintasuunnitelman vahvistaminen varsinaisten sukukokousten v\u00e4liselle kaksivuotiselle \u00a0 \u00a0 \u00a0 \u00a0 \u00a0 \u00a0 toimintakaudelle, liittymismaksun ja vuotuisten j\u00e4senmaksujen m\u00e4\u00e4r\u00e4\u00e4minen seuraaville \u00a0 \u00a0 \u00a0 \u00a0 \u00a0 \u00a0 \u00a0 \u00a0 kahdelle kalenterivuodelle, tulo- ja menoarvion vahvistaminen varsinaisten sukukokousten \u00a0 \u00a0 \u00a0 \u00a0 \u00a0 \u00a0 v\u00e4lisille kahdelle tilikaudelle<\/li>\n<li>Hallituksen puheenjohtajan ja hallituksen muiden j\u00e4senten valitseminen varsinaisten \u00a0 \u00a0 \u00a0 \u00a0 \u00a0 \u00a0 \u00a0 \u00a0 \u00a0 \u00a0 \u00a0 sukukokousten v\u00e4liselle kaksivuotiskaudelle<\/li>\n<li>Toiminnantarkastajan ja varatoiminnantarkastajan valitseminen varsinaisten sukukokousten \u00a0 \u00a0 \u00a0 \u00a0 \u00a0 v\u00e4liselle kaksivuotiskaudelle<\/li>\n<li>Muut kokouskutsussa mainitut asiat<\/li>\n<li>Kokouksen p\u00e4\u00e4tt\u00e4minen<\/li>\n<\/ol>\n<p>Mik\u00e4li seuran j\u00e4sen haluaa saada jonkin asian varsinaisen sukukokouksen k\u00e4sitelt\u00e4v\u00e4ksi, on h\u00e4nen siit\u00e4 kirjallisesti ilmoitettava hallitukselle sukukokousvuoden huhtikuun loppuun menness\u00e4, jotta asia voidaan sis\u00e4llytt\u00e4\u00e4 kokouskutsuun.<\/p>\n<p>10 \u00a7 S\u00c4\u00c4NT\u00d6JEN MUUTTAMINEN JA SUKUSEURAN PURKAMINEN<br \/>\nP\u00e4\u00e4t\u00f6s n\u00e4iden s\u00e4\u00e4nt\u00f6jen muuttamisesta tai sukuseuran purkamisesta on teht\u00e4v\u00e4 sukuseuran kokouksessa v\u00e4hint\u00e4\u00e4n kolmen nelj\u00e4sosan (3\/4) enemmist\u00f6ll\u00e4 annetuista \u00e4\u00e4nist\u00e4. Kokouskutsussa on mainittava s\u00e4\u00e4nt\u00f6jen muuttamisesta tai sukuseuran purkamisesta.<br \/>\nJos sukuseura purkautuu, on siit\u00e4 p\u00e4\u00e4tt\u00e4v\u00e4ss\u00e4 kokouksessa m\u00e4\u00e4r\u00e4tt\u00e4v\u00e4 my\u00f6s, miten sukuseuran varat ja omaisuus k\u00e4ytet\u00e4\u00e4n sukuseuran tarkoitusperi\u00e4 vastaavalla tavalla. Sukuseuran tullessa lakkautetuksi k\u00e4ytet\u00e4\u00e4n varat samoin sukuseuran tarkoituksen edist\u00e4miseen. Sukuseuran mahdollinen arkisto luovutetaan Kansallisarkistoon tai johonkin maakunta-arkistoon.<\/p>\n<p>11 \u00a7 MUUT M\u00c4\u00c4R\u00c4YKSET<br \/>\nKaikessa muussa noudatetaan yhdistyslain voimassa olevia s\u00e4\u00e4nn\u00f6ksi\u00e4.<\/p>\n","protected":false},"excerpt":{"rendered":"<p>Sukuseura Lyytik\u00e4iset ry S\u00e4\u00e4nn\u00f6t 1 \u00a7 NIMI JA KOTIPAIKKA\u00a0 \u00a0 \u00a0 \u00a0 \u00a0 \u00a0 \u00a0 \u00a0 \u00a0 \u00a0 \u00a0 \u00a0 \u00a0 \u00a0 \u00a0 \u00a0 \u00a0 \u00a0 \u00a0 \u00a0 \u00a0 \u00a0 \u00a0 \u00a0 \u00a0 \u00a0 \u00a0 \u00a0 \u00a0 \u00a0 \u00a0 \u00a0 &hellip; <a class=\"more-link\" href=\"https:\/\/sukusivut.com\/wp\/sukuseuran-saannot\/\">Jatka lukemista <span class=\"meta-nav\">&rarr;<\/span><\/a><\/p>\n","protected":false},"author":1,"featured_media":0,"parent":0,"menu_order":0,"comment_status":"closed","ping_status":"open","template":"","meta":{"footnotes":""},"class_list":["post-11","page","type-page","status-publish","hentry"],"_links":{"self":[{"href":"https:\/\/sukusivut.com\/wp\/wp-json\/wp\/v2\/pages\/11","targetHints":{"allow":["GET"]}}],"collection":[{"href":"https:\/\/sukusivut.com\/wp\/wp-json\/wp\/v2\/pages"}],"about":[{"href":"https:\/\/sukusivut.com\/wp\/wp-json\/wp\/v2\/types\/page"}],"author":[{"embeddable":true,"href":"https:\/\/sukusivut.com\/wp\/wp-json\/wp\/v2\/users\/1"}],"replies":[{"embeddable":true,"href":"https:\/\/sukusivut.com\/wp\/wp-json\/wp\/v2\/comments?post=11"}],"version-history":[{"count":21,"href":"https:\/\/sukusivut.com\/wp\/wp-json\/wp\/v2\/pages\/11\/revisions"}],"predecessor-version":[{"id":1584,"href":"https:\/\/sukusivut.com\/wp\/wp-json\/wp\/v2\/pages\/11\/revisions\/1584"}],"wp:attachment":[{"href":"https:\/\/sukusivut.com\/wp\/wp-json\/wp\/v2\/media?parent=11"}],"curies":[{"name":"wp","href":"https:\/\/api.w.org\/{rel}","templated":true}]}}